{"id":46,"date":"2026-03-23T12:15:56","date_gmt":"2026-03-23T12:15:56","guid":{"rendered":"http:\/\/parcours-industrie.fr\/?page_id=46"},"modified":"2026-03-23T12:15:56","modified_gmt":"2026-03-23T12:15:56","slug":"entreprises","status":"publish","type":"page","link":"https:\/\/parcours-industrie.fr\/?page_id=46","title":{"rendered":"Entreprises"},"content":{"rendered":"\n<h2 class=\"wp-block-heading\">Accompagnement des entreprises<\/h2>\n\n\n\n<p>Nous accompagnons les entreprises dans le d\u00e9veloppement des comp\u00e9tences, l\u2019orientation et la s\u00e9curisation des parcours professionnels.<\/p>\n\n\n\n<p>Dans un contexte de transformation des m\u00e9tiers, notamment dans l\u2019industrie, il est essentiel d\u2019anticiper les besoins en comp\u00e9tences et d\u2019accompagner les collaborateurs.<\/p>\n\n\n\n<h2 class=\"wp-block-heading\">Nos services pour les entreprises<\/h2>\n\n\n\n<p>\u2714 Bilan de comp\u00e9tences<br>\u2714 Accompagnement \u00e0 la reconversion<br>\u2714 Aide \u00e0 l\u2019orientation professionnelle<br>\u2714 Pr\u00e9paration \u00e0 la mobilit\u00e9 interne<br>\u2714 Accompagnement VAE<\/p>\n\n\n\n<h2 class=\"wp-block-heading\">Pourquoi faire appel \u00e0 nous ?<\/h2>\n\n\n\n<p>\u2714 S\u00e9curiser les parcours professionnels<br>\u2714 Fid\u00e9liser les collaborateurs<br>\u2714 Anticiper les \u00e9volutions m\u00e9tiers<br>\u2714 Accompagner les transitions<br>\u2714 Valoriser les comp\u00e9tences internes<\/p>\n\n\n\n<h2 class=\"wp-block-heading\">Une expertise des m\u00e9tiers industriels<\/h2>\n\n\n\n<p>Nous intervenons particuli\u00e8rement dans les secteurs industriels : \u00e9lectricit\u00e9, maintenance, \u00e9nergie, cybers\u00e9curit\u00e9, r\u00e9seaux\u2026<\/p>\n\n\n\n<p>Nous comprenons les enjeux terrain et les besoins des entreprises, ce qui nous permet de proposer des accompagnements concrets et adapt\u00e9s.<\/p>\n\n\n\n<h2 class=\"wp-block-heading\">Une approche pragmatique et personnalis\u00e9e<\/h2>\n\n\n\n<p>Chaque entreprise est unique.<\/p>\n\n\n\n<p>Nous adaptons nos interventions en fonction de vos objectifs, de votre organisation et de vos contraintes afin de proposer des solutions efficaces et op\u00e9rationnelles.<\/p>\n\n\n\n<h2 class=\"wp-block-heading\">Exemples d\u2019accompagnement<\/h2>\n\n\n\n<p>\u2714 Salari\u00e9 en reconversion interne<br>\u2714 Pr\u00e9paration \u00e0 une \u00e9volution de poste<br>\u2714 Accompagnement apr\u00e8s restructuration<br>\u2714 Valorisation des comp\u00e9tences via VAE<\/p>\n\n\n\n<h2 class=\"wp-block-heading\">Vous \u00eates une entreprise ?<\/h2>\n\n\n\n<p>Contactez-nous pour \u00e9changer sur vos besoins et mettre en place un accompagnement adapt\u00e9.<\/p>\n\n\n\n<div class=\"wp-block-buttons is-layout-flex wp-block-buttons-is-layout-flex\">\n<div class=\"wp-block-button\"><a class=\"wp-block-button__link wp-element-button\">Nous contacter<\/a><\/div>\n<\/div>\n\n\n\n<p><\/p>\n","protected":false},"excerpt":{"rendered":"<p>Accompagnement des entreprises Nous accompagnons les entreprises dans le d\u00e9veloppement des comp\u00e9tences, l\u2019orientation et la s\u00e9curisation des parcours professionnels. Dans [&hellip;]<\/p>\n","protected":false},"author":1,"featured_media":0,"parent":0,"menu_order":0,"comment_status":"closed","ping_status":"closed","template":"","meta":{"site-sidebar-layout":"default","site-content-layout":"","ast-site-content-layout":"default","site-content-style":"default","site-sidebar-style":"default","ast-global-header-display":"","ast-banner-title-visibility":"","ast-main-header-display":"","ast-hfb-above-header-display":"","ast-hfb-below-header-display":"","ast-hfb-mobile-header-display":"","site-post-title":"","ast-breadcrumbs-content":"","ast-featured-img":"","footer-sml-layout":"","ast-disable-related-posts":"","theme-transparent-header-meta":"","adv-header-id-meta":"","stick-header-meta":"","header-above-stick-meta":"","header-main-stick-meta":"","header-below-stick-meta":"","astra-migrate-meta-layouts":"default","ast-page-background-enabled":"default","ast-page-background-meta":{"desktop":{"background-color":"var(--ast-global-color-5)","background-image":"","background-repeat":"repeat","background-position":"center center","background-size":"auto","background-attachment":"scroll","background-type":"","background-media":"","overlay-type":"","overlay-color":"","overlay-opacity":"","overlay-gradient":""},"tablet":{"background-color":"","background-image":"","background-repeat":"repeat","background-position":"center center","background-size":"auto","background-attachment":"scroll","background-type":"","background-media":"","overlay-type":"","overlay-color":"","overlay-opacity":"","overlay-gradient":""},"mobile":{"background-color":"","background-image":"","background-repeat":"repeat","background-position":"center center","background-size":"auto","background-attachment":"scroll","background-type":"","background-media":"","overlay-type":"","overlay-color":"","overlay-opacity":"","overlay-gradient":""}},"ast-content-background-meta":{"desktop":{"background-color":"var(--ast-global-color-4)","background-image":"","background-repeat":"repeat","background-position":"center center","background-size":"auto","background-attachment":"scroll","background-type":"","background-media":"","overlay-type":"","overlay-color":"","overlay-opacity":"","overlay-gradient":""},"tablet":{"background-color":"var(--ast-global-color-4)","background-image":"","background-repeat":"repeat","background-position":"center center","background-size":"auto","background-attachment":"scroll","background-type":"","background-media":"","overlay-type":"","overlay-color":"","overlay-opacity":"","overlay-gradient":""},"mobile":{"background-color":"var(--ast-global-color-4)","background-image":"","background-repeat":"repeat","background-position":"center center","background-size":"auto","background-attachment":"scroll","background-type":"","background-media":"","overlay-type":"","overlay-color":"","overlay-opacity":"","overlay-gradient":""}},"footnotes":""},"class_list":["post-46","page","type-page","status-publish","hentry"],"_links":{"self":[{"href":"https:\/\/parcours-industrie.fr\/index.php?rest_route=\/wp\/v2\/pages\/46","targetHints":{"allow":["GET"]}}],"collection":[{"href":"https:\/\/parcours-industrie.fr\/index.php?rest_route=\/wp\/v2\/pages"}],"about":[{"href":"https:\/\/parcours-industrie.fr\/index.php?rest_route=\/wp\/v2\/types\/page"}],"author":[{"embeddable":true,"href":"https:\/\/parcours-industrie.fr\/index.php?rest_route=\/wp\/v2\/users\/1"}],"replies":[{"embeddable":true,"href":"https:\/\/parcours-industrie.fr\/index.php?rest_route=%2Fwp%2Fv2%2Fcomments&post=46"}],"version-history":[{"count":1,"href":"https:\/\/parcours-industrie.fr\/index.php?rest_route=\/wp\/v2\/pages\/46\/revisions"}],"predecessor-version":[{"id":47,"href":"https:\/\/parcours-industrie.fr\/index.php?rest_route=\/wp\/v2\/pages\/46\/revisions\/47"}],"wp:attachment":[{"href":"https:\/\/parcours-industrie.fr\/index.php?rest_route=%2Fwp%2Fv2%2Fmedia&parent=46"}],"curies":[{"name":"wp","href":"https:\/\/api.w.org\/{rel}","templated":true}]}}